{"id":16,"date":"2020-01-15T11:18:21","date_gmt":"2020-01-15T11:18:21","guid":{"rendered":"http:\/\/wenetastrek.pl\/?page_id=16"},"modified":"2022-10-24T06:06:52","modified_gmt":"2022-10-24T06:06:52","slug":"gabinet-leczenia-zeza","status":"publish","type":"page","link":"https:\/\/wenetastrek.pl\/index.php\/gabinet-leczenia-zeza\/","title":{"rendered":"Instytut Leczenia Zeza"},"content":{"rendered":"\n<div class=\"wp-container-3 wp-block-columns\">\n<div class=\"wp-container-1 wp-block-column\">\n<p class=\"has-text-align-center\"><br><br><br>Krak\u00f3w, ul. Twardowskiego 37<br>(wej\u015bcie od ul. Mitkowskiego)<\/p>\n\n\n\n<p class=\"has-text-align-center\">recepcja@leczeniezeza.pl<\/p>\n\n\n\n<p class=\"has-text-align-center\">Rejestracja telefoniczna<br> Poniedzia\u0142ek\u2013Pi\u0105tek od 8:00 do 18:00<br> tel. 12 446 42 66<\/p>\n\n\n\n<p class=\"has-text-align-center\">W razie pilnego kontaktu: 601 533 466<br><\/p>\n<\/div>\n\n\n\n<div class=\"wp-container-2 wp-block-column\"><p><iframe src=\"https:\/\/www.google.com\/maps\/embed?pb=!1m18!1m12!1m3!1d2562.1788666873476!2d19.92450011605057!3d50.04548052434205!2m3!1f0!2f0!3f0!3m2!1i1024!2i768!4f13.1!3m3!1m2!1s0x47165b652de308e9%3A0x7da4214c14f10134!2sEnklawa%20Twardowskiego%2C%20Twardowskiego%2037%2C%2030-312%20Krak%C3%B3w!5e0!3m2!1spl!2spl!4v1666357516262!5m2!1spl!2spl\" width=\"600\" height=\"450\" style=\"border:0;\" allowfullscreen=\"\" loading=\"lazy\" referrerpolicy=\"no-referrer-when-downgrade\"><\/iframe><\/p>\n<\/div>\n<\/div>\n\n\n\n<p><\/p>\n","protected":false},"excerpt":{"rendered":"<p>Krak\u00f3w, ul. Twardowskiego 37(wej\u015bcie od ul. Mitkowskiego) recepcja@leczeniezeza.pl Rejestracja telefoniczna Poniedzia\u0142ek\u2013Pi\u0105tek od 8:00 do 18:00 tel. 12 446 42 66 W razie pilnego kontaktu: 601 533 466<\/p>\n","protected":false},"author":1,"featured_media":0,"parent":0,"menu_order":0,"comment_status":"closed","ping_status":"closed","template":"","meta":[],"_links":{"self":[{"href":"https:\/\/wenetastrek.pl\/index.php\/wp-json\/wp\/v2\/pages\/16"}],"collection":[{"href":"https:\/\/wenetastrek.pl\/index.php\/wp-json\/wp\/v2\/pages"}],"about":[{"href":"https:\/\/wenetastrek.pl\/index.php\/wp-json\/wp\/v2\/types\/page"}],"author":[{"embeddable":true,"href":"https:\/\/wenetastrek.pl\/index.php\/wp-json\/wp\/v2\/users\/1"}],"replies":[{"embeddable":true,"href":"https:\/\/wenetastrek.pl\/index.php\/wp-json\/wp\/v2\/comments?post=16"}],"version-history":[{"count":9,"href":"https:\/\/wenetastrek.pl\/index.php\/wp-json\/wp\/v2\/pages\/16\/revisions"}],"predecessor-version":[{"id":103,"href":"https:\/\/wenetastrek.pl\/index.php\/wp-json\/wp\/v2\/pages\/16\/revisions\/103"}],"wp:attachment":[{"href":"https:\/\/wenetastrek.pl\/index.php\/wp-json\/wp\/v2\/media?parent=16"}],"curies":[{"name":"wp","href":"https:\/\/api.w.org\/{rel}","templated":true}]}}