{"id":18,"date":"2020-01-15T11:18:59","date_gmt":"2020-01-15T11:18:59","guid":{"rendered":"http:\/\/wenetastrek.pl\/?page_id=18"},"modified":"2022-10-24T06:07:08","modified_gmt":"2022-10-24T06:07:08","slug":"centrum-leczenia-zeza","status":"publish","type":"page","link":"https:\/\/wenetastrek.pl\/index.php\/centrum-leczenia-zeza\/","title":{"rendered":"Centrum Leczenia Zeza"},"content":{"rendered":"\n<div class=\"wp-container-3 wp-block-columns\">\n<div class=\"wp-container-1 wp-block-column\">\n<p class=\"has-text-align-center\"><br><br><br>  Krak\u00f3w, ul. Bociana 4<br><\/p>\n\n\n\n<p class=\"has-text-align-center\">Rejestracja telefoniczna<br>od Poniedzia\u0142ku do Pi\u0105tku: 9-18<br>tel. 12 633 00 41<\/p>\n\n\n\n<p class=\"has-text-align-center\"><br> W razie pilnego kontaktu: 601 533 466 <\/p>\n<\/div>\n\n\n\n<div class=\"wp-container-2 wp-block-column\"><p><iframe loading=\"lazy\" src=\"https:\/\/www.google.com\/maps\/embed?pb=!1m18!1m12!1m3!1d2559.6684426502497!2d19.954555016056588!3d50.09249422097283!2m3!1f0!2f0!3f0!3m2!1i1024!2i768!4f13.1!3m3!1m2!1s0x47165af3acc3ccdb%3A0x666d43e457e67f08!2sBociana%204%2C%2031-231%20Krak%C3%B3w!5e0!3m2!1spl!2spl!4v1579857715087!5m2!1spl!2spl\" width=\"600\" height=\"450\" frameborder=\"0\" style=\"border:0;\" allowfullscreen=\"\"><\/iframe><\/p>\n<\/div>\n<\/div>\n\n\n\n<p><\/p>\n","protected":false},"excerpt":{"rendered":"<p>Krak\u00f3w, ul. Bociana 4 Rejestracja telefonicznaod Poniedzia\u0142ku do Pi\u0105tku: 9-18tel. 12 633 00 41 W razie pilnego kontaktu: 601 533 466<\/p>\n","protected":false},"author":1,"featured_media":0,"parent":0,"menu_order":0,"comment_status":"closed","ping_status":"closed","template":"","meta":[],"_links":{"self":[{"href":"https:\/\/wenetastrek.pl\/index.php\/wp-json\/wp\/v2\/pages\/18"}],"collection":[{"href":"https:\/\/wenetastrek.pl\/index.php\/wp-json\/wp\/v2\/pages"}],"about":[{"href":"https:\/\/wenetastrek.pl\/index.php\/wp-json\/wp\/v2\/types\/page"}],"author":[{"embeddable":true,"href":"https:\/\/wenetastrek.pl\/index.php\/wp-json\/wp\/v2\/users\/1"}],"replies":[{"embeddable":true,"href":"https:\/\/wenetastrek.pl\/index.php\/wp-json\/wp\/v2\/comments?post=18"}],"version-history":[{"count":8,"href":"https:\/\/wenetastrek.pl\/index.php\/wp-json\/wp\/v2\/pages\/18\/revisions"}],"predecessor-version":[{"id":104,"href":"https:\/\/wenetastrek.pl\/index.php\/wp-json\/wp\/v2\/pages\/18\/revisions\/104"}],"wp:attachment":[{"href":"https:\/\/wenetastrek.pl\/index.php\/wp-json\/wp\/v2\/media?parent=18"}],"curies":[{"name":"wp","href":"https:\/\/api.w.org\/{rel}","templated":true}]}}